{"id":415,"date":"2026-05-09T13:19:07","date_gmt":"2026-05-09T13:19:07","guid":{"rendered":"http:\/\/nieuw.cto70volleybal.nl\/?page_id=415"},"modified":"2026-05-09T15:40:52","modified_gmt":"2026-05-09T15:40:52","slug":"415-2","status":"publish","type":"page","link":"https:\/\/nieuw.cto70volleybal.nl\/?page_id=415","title":{"rendered":"Lidmaatschap"},"content":{"rendered":"\n<div class=\"wp-block-group has-global-padding is-layout-constrained wp-container-core-group-is-layout-ff778368 wp-block-group-is-layout-constrained\" style=\"padding-right:var(--wp--preset--spacing--30);padding-left:var(--wp--preset--spacing--30)\">\n<p><a href=\"\/?page_id=415#contributie\">Contributie<\/a><\/p>\n\n\n\n<p><a href=\"\/?page_id=415#inschrijven\">Lidmaatschap en inschrijving<\/a><\/p>\n\n\n\n<p><a href=\"\/?page_id=415#opzeggen\">Opzeggen, einde lidmaatschap<\/a><\/p>\n\n\n\n<p><\/p>\n\n\n\n<h2 class=\"wp-block-heading\" id=\"contributie\"><br>Contributie<\/h2>\n\n\n\n<p>Nog maar even de belangrijkste punten op een rij:<br>De vermelde bedragen zijn het te betalen bedrag.<br>Nieuwe leden dienen bij inschrijving voor het nieuwe seizoen te betalen met een bankoverschrijving.<br>Betalingsregelingen kunnen uitsluitend met of na overleg met de voorzitter afgesproken worden en worden ook schriftelijk aan het betreffende lid c.q. de ouders bevestigd.<br>Contributie is voor het gehele verenigingsjaar verschuldigd, ook bij tussentijdse opzegging, en wordt stilzwijgend verlengd met een jaar, tenzij is opgezegd v\u00f3\u00f3r 1 juni van het lopende verenigingsjaar. Het verenigingsjaar loopt van 1 juli t\/m 30 juni.<br>Inschrijfkosten zijn eenmalig verschuldigd.<br>De hoogte van de contributie wordt jaarlijks vastgesteld op de Algemene Ledenvergadering van de afdeling Volleybal.<br><br>CONTRIBUTIE:<br>Richtdatum vaststelling contributie: leeftijd op 1 september aan het begin van het verenigingsjaar.<\/p>\n\n\n\n<figure class=\"wp-block-table\"><table class=\"has-fixed-layout\"><tbody><tr><td>Volley Starts en jeugd<\/td><td>\u20ac 115,-<\/td><\/tr><tr><td>Aspiranten-jeugd<\/td><td>\u20ac 137,50<\/td><\/tr><tr><td>Senioren competitie spelend<\/td><td>\u20ac 215,-<\/td><\/tr><tr><td>Senioren niet competitie spelend<\/td><td>\u20ac 175,-<\/td><\/tr><tr><td>Recreanten<\/td><td>\u20ac 130,-<\/td><\/tr><tr><td>eenmalige inschrijfkosten<\/td><td>\u20ac 5,-<\/td><\/tr><\/tbody><\/table><\/figure>\n\n\n\n<h2 class=\"wp-block-heading\" id=\"inschrijven\"><br>Lidmaatschap en inschrijving<\/h2>\n\n\n\n<p>Het verenigingsjaar loopt van 1 juli t\/m 30 juni van het daaropvolgende kalenderjaar. Het lidmaatschap van de vereniging geldt in principe voor \u00e9\u00e9n jaar, en wordt steeds stilzwijgend met \u00e9\u00e9n jaar verlengd. Opzegging dient steeds v\u00f3\u00f3r 1 juni van het kalenderjaar te gebeuren. Voor nieuwe leden geldt dat we het volgende nodig hebben:<\/p>\n\n\n\n<ul class=\"wp-block-list\">\n<li>een volledig ingevuld inschrijfformulier, voor leden onder 18 jaar getekend door ouder\/verzorger;<\/li>\n\n\n\n<li>voor leden vanaf 11 jaar: een spelerspas en\/of recente pasfoto;<\/li>\n\n\n\n<li>een machtiging voor inning van de contributie na het eerste jaar.<br><\/li>\n<\/ul>\n\n\n\n<h2 class=\"wp-block-heading\" id=\"opzeggen\">Opzeggen, einde lidmaatschap<\/h2>\n\n\n\n<p>Opzegging dient steeds voor 1 juni van het kalenderjaar te gebeuren. Het lidmaatschap kan uitsluitend schriftelijk in een persoonlijk ondertekende brief (of e-mail) bij de secretaris van de afdeling volleybal opgezegd worden. Voor minderjarigen geldt dat de brief ondertekend dient te zijn door een van de ouders\/verzorgers. Indien men niet tijdig opzegt, is men voor het daaropvolgende seizoen alsnog contributie verschuldigd.<\/p>\n\n\n\n<p><\/p>\n<\/div>\n","protected":false},"excerpt":{"rendered":"<p>Contributie Lidmaatschap en inschrijving Opzeggen, einde lidmaatschap Contributie Nog maar even de belangrijkste punten op een rij:De vermelde bedragen zijn het te betalen bedrag.Nieuwe leden dienen bij inschrijving voor het nieuwe seizoen te betalen met een bankoverschrijving.Betalingsregelingen kunnen uitsluitend met of na overleg met de voorzitter afgesproken worden en worden ook schriftelijk aan het betreffende [&hellip;]<\/p>\n","protected":false},"author":3,"featured_media":0,"parent":0,"menu_order":0,"comment_status":"closed","ping_status":"closed","template":"page-no-title","meta":{"footnotes":""},"class_list":["post-415","page","type-page","status-publish","hentry"],"_links":{"self":[{"href":"https:\/\/nieuw.cto70volleybal.nl\/index.php?rest_route=\/wp\/v2\/pages\/415","targetHints":{"allow":["GET"]}}],"collection":[{"href":"https:\/\/nieuw.cto70volleybal.nl\/index.php?rest_route=\/wp\/v2\/pages"}],"about":[{"href":"https:\/\/nieuw.cto70volleybal.nl\/index.php?rest_route=\/wp\/v2\/types\/page"}],"author":[{"embeddable":true,"href":"https:\/\/nieuw.cto70volleybal.nl\/index.php?rest_route=\/wp\/v2\/users\/3"}],"replies":[{"embeddable":true,"href":"https:\/\/nieuw.cto70volleybal.nl\/index.php?rest_route=%2Fwp%2Fv2%2Fcomments&post=415"}],"version-history":[{"count":9,"href":"https:\/\/nieuw.cto70volleybal.nl\/index.php?rest_route=\/wp\/v2\/pages\/415\/revisions"}],"predecessor-version":[{"id":465,"href":"https:\/\/nieuw.cto70volleybal.nl\/index.php?rest_route=\/wp\/v2\/pages\/415\/revisions\/465"}],"wp:attachment":[{"href":"https:\/\/nieuw.cto70volleybal.nl\/index.php?rest_route=%2Fwp%2Fv2%2Fmedia&parent=415"}],"curies":[{"name":"wp","href":"https:\/\/api.w.org\/{rel}","templated":true}]}}